{"id":12,"date":"2024-01-20T16:51:15","date_gmt":"2024-01-20T16:51:15","guid":{"rendered":"http:\/\/plenitud.argotes.com\/?page_id=12"},"modified":"2024-10-21T05:22:41","modified_gmt":"2024-10-21T05:22:41","slug":"about","status":"publish","type":"page","link":"https:\/\/plenitud.argotes.com\/?page_id=12","title":{"rendered":"Sobre mi"},"content":{"rendered":"\t\t<div data-elementor-type=\"wp-page\" data-elementor-id=\"12\" class=\"elementor elementor-12\">\n\t\t\t\t<div class=\"elementor-element elementor-element-c6755f3 e-flex e-con-boxed e-con e-parent\" data-id=\"c6755f3\" data-element_type=\"container\" data-e-type=\"container\" data-settings=\"{&quot;background_background&quot;:&quot;classic&quot;}\">\n\t\t\t\t\t<div class=\"e-con-inner\">\n\t\t\t\t<div class=\"elementor-element elementor-element-09163fd elementor-widget elementor-widget-heading\" data-id=\"09163fd\" data-element_type=\"widget\" data-e-type=\"widget\" data-widget_type=\"heading.default\">\n\t\t\t\t<div class=\"elementor-widget-container\">\n\t\t\t\t\t<h1 class=\"elementor-heading-title elementor-size-default\">Tu entorno no cambiar\u00e1 hasta que te transformes desde dentro.<\/h1>\t\t\t\t<\/div>\n\t\t\t\t<\/div>\n\t\t\t\t<div class=\"elementor-element elementor-element-3e9a267 elementor-widget elementor-widget-heading\" data-id=\"3e9a267\" data-element_type=\"widget\" data-e-type=\"widget\" data-widget_type=\"heading.default\">\n\t\t\t\t<div class=\"elementor-widget-container\">\n\t\t\t\t\t<h3 class=\"elementor-heading-title elementor-size-default\">Descubre c\u00f3mo tomar el control de tu vida y construir tu propia transformaci\u00f3n.<\/h3>\t\t\t\t<\/div>\n\t\t\t\t<\/div>\n\t\t\t\t\t<\/div>\n\t\t\t\t<\/div>\n\t\t<div class=\"elementor-element elementor-element-4bf24da e-con-full e-flex e-con e-parent\" data-id=\"4bf24da\" data-element_type=\"container\" data-e-type=\"container\">\n\t\t<div class=\"elementor-element elementor-element-4db5283 e-flex e-con-boxed e-con e-child\" data-id=\"4db5283\" data-element_type=\"container\" data-e-type=\"container\">\n\t\t\t\t\t<div class=\"e-con-inner\">\n\t\t\t\t<div class=\"elementor-element elementor-element-19f8752 elementor-widget elementor-widget-heading\" data-id=\"19f8752\" data-element_type=\"widget\" data-e-type=\"widget\" data-widget_type=\"heading.default\">\n\t\t\t\t<div class=\"elementor-widget-container\">\n\t\t\t\t\t<h2 class=\"elementor-heading-title elementor-size-default\">Mi Historia<\/h2>\t\t\t\t<\/div>\n\t\t\t\t<\/div>\n\t\t\t\t\t<\/div>\n\t\t\t\t<\/div>\n\t\t<div class=\"elementor-element elementor-element-1ba5fc6 e-con-full e-flex e-con e-child\" data-id=\"1ba5fc6\" data-element_type=\"container\" data-e-type=\"container\">\n\t\t<div class=\"elementor-element elementor-element-dcad6de e-con-full e-flex e-con e-child\" data-id=\"dcad6de\" data-element_type=\"container\" data-e-type=\"container\">\n\t\t<div class=\"elementor-element elementor-element-5d4be2a e-con-full e-flex e-con e-child\" data-id=\"5d4be2a\" data-element_type=\"container\" data-e-type=\"container\">\n\t\t\t\t<div class=\"elementor-element elementor-element-5e0e279 elementor-widget elementor-widget-heading\" data-id=\"5e0e279\" data-element_type=\"widget\" data-e-type=\"widget\" data-widget_type=\"heading.default\">\n\t\t\t\t<div class=\"elementor-widget-container\">\n\t\t\t\t\t<h3 class=\"elementor-heading-title elementor-size-default\">Mi Descenso... y Ascenso<\/h3>\t\t\t\t<\/div>\n\t\t\t\t<\/div>\n\t\t\t\t<\/div>\n\t\t<div class=\"elementor-element elementor-element-a75e111 e-con-full e-flex e-con e-child\" data-id=\"a75e111\" data-element_type=\"container\" data-e-type=\"container\">\n\t\t\t\t<div class=\"elementor-element elementor-element-9018518 elementor-widget elementor-widget-text-editor\" data-id=\"9018518\" data-element_type=\"widget\" data-e-type=\"widget\" data-widget_type=\"text-editor.default\">\n\t\t\t\t<div class=\"elementor-widget-container\">\n\t\t\t\t\t\t\t\t\t<p>El d\u00eda que me vi sin dinero, sin familia, y sin rumbo fue tambi\u00e9n el d\u00eda que decid\u00ed no seguir siendo una v\u00edctima. No m\u00e1s culpas a otros. No m\u00e1s excusas. Lo \u00fanico que pod\u00eda hacer era <strong>mirarme a m\u00ed mismo<\/strong>, en lo profundo, y comenzar a reconstruir desde las cenizas.<\/p><p>\u00a0<\/p><p><img decoding=\"async\" class=\"wp-image-55 alignleft\" src=\"http:\/\/plenitud.argotes.com\/wp-content\/uploads\/2024\/10\/napkin-selection-8-300x184.png\" alt=\"\" width=\"203\" height=\"125\" srcset=\"https:\/\/plenitud.argotes.com\/wp-content\/uploads\/2024\/10\/napkin-selection-8-300x184.png 300w, https:\/\/plenitud.argotes.com\/wp-content\/uploads\/2024\/10\/napkin-selection-8.png 649w\" sizes=\"(max-width: 203px) 100vw, 203px\" \/>As\u00ed empez\u00f3 mi viaje. Fue doloroso. Fue desafiante. Pero cada paso fue un recordatorio de que el cambio solo sucede cuando <strong>uno toma el control total de su vida<\/strong>. Dej\u00e9 de mirar lo que los dem\u00e1s hac\u00edan mal y comenc\u00e9 a enfocarme en lo que <strong>yo pod\u00eda mejorar<\/strong>. Y eso fue todo lo que necesitaba para renacer.<\/p><p>\u00bfMi herramienta principal?<\/p><p><strong>El conocimiento<\/strong>. Comenc\u00e9 a correr para despejar mi mente, y durante esos momentos, me sumerg\u00eda en libros y audios que alimentaban mi esp\u00edritu. Uno de los libros que se volvi\u00f3 mi br\u00fajula fue <strong>&#8220;Las 21 leyes irrefutables del liderazgo&#8221;<\/strong> de John C. Maxwell. Mientras corr\u00eda y escuchaba, algo dentro de m\u00ed comenzaba a despertar: el deseo de <strong>liderar mi propia vida<\/strong>, antes de pretender liderar cualquier otra cosa.<\/p>\t\t\t\t\t\t\t\t<\/div>\n\t\t\t\t<\/div>\n\t\t\t\t<\/div>\n\t\t<div class=\"elementor-element elementor-element-4fcae3c e-con-full e-flex e-con e-child\" data-id=\"4fcae3c\" data-element_type=\"container\" data-e-type=\"container\">\n\t\t\t\t<div class=\"elementor-element elementor-element-5eb5d19 elementor-widget elementor-widget-heading\" data-id=\"5eb5d19\" data-element_type=\"widget\" data-e-type=\"widget\" data-widget_type=\"heading.default\">\n\t\t\t\t<div class=\"elementor-widget-container\">\n\t\t\t\t\t<h3 class=\"elementor-heading-title elementor-size-default\">De la quiebra a la plenitud: mi misi\u00f3n<\/h3>\t\t\t\t<\/div>\n\t\t\t\t<\/div>\n\t\t\t\t<\/div>\n\t\t<div class=\"elementor-element elementor-element-99e97ff e-con-full e-flex e-con e-child\" data-id=\"99e97ff\" data-element_type=\"container\" data-e-type=\"container\">\n\t\t\t\t<div class=\"elementor-element elementor-element-dd61ced elementor-widget elementor-widget-text-editor\" data-id=\"dd61ced\" data-element_type=\"widget\" data-e-type=\"widget\" data-widget_type=\"text-editor.default\">\n\t\t\t\t<div class=\"elementor-widget-container\">\n\t\t\t\t\t\t\t\t\t<p>No fue f\u00e1cil. No fue r\u00e1pido. Pero poco a poco, cada pieza de mi vida empez\u00f3 a encajar. El trabajo interno comenz\u00f3 a reflejarse en mi mundo exterior. Y lo m\u00e1s importante, comprend\u00ed que el camino de la superaci\u00f3n personal no es lineal, no tiene un fin. <strong>Es un proceso constante, una evoluci\u00f3n diaria<\/strong>.<\/p><p>Y es ah\u00ed donde quiero ayudarte.<\/p><p><strong>Este blog no es para los que buscan soluciones r\u00e1pidas. No es para los que esperan resultados sin esfuerzo.<\/strong> Este blog est\u00e1 dise\u00f1ado para aquellos que, como yo, est\u00e1n listos para asumir la responsabilidad completa de sus vidas y hacer los cambios necesarios, sin importar lo doloroso que pueda ser el proceso.<\/p><p>\u00a0<\/p><p><img fetchpriority=\"high\" decoding=\"async\" class=\" wp-image-58 aligncenter\" src=\"http:\/\/plenitud.argotes.com\/wp-content\/uploads\/2024\/10\/napkin-selection-11-300x249.png\" alt=\"\" width=\"267\" height=\"221\" srcset=\"https:\/\/plenitud.argotes.com\/wp-content\/uploads\/2024\/10\/napkin-selection-11-300x249.png 300w, https:\/\/plenitud.argotes.com\/wp-content\/uploads\/2024\/10\/napkin-selection-11.png 744w\" sizes=\"(max-width: 267px) 100vw, 267px\" \/><\/p><p>Si est\u00e1s buscando una transformaci\u00f3n real, no superficial, entonces est\u00e1s en el lugar correcto.<\/p><p>As\u00ed empez\u00f3 mi viaje. Fue doloroso. Fue desafiante. Pero cada paso fue un recordatorio de que el cambio solo sucede cuando <strong>uno toma el control total de su vida<\/strong>. Dej\u00e9 de mirar lo que los dem\u00e1s hac\u00edan mal y comenc\u00e9 a enfocarme en lo que <strong>yo pod\u00eda mejorar<\/strong>. Y eso fue todo lo que necesitaba para renacer.<\/p><p>\u00bfMi herramienta principal? <strong>El conocimiento<\/strong>. Comenc\u00e9 a correr para despejar mi mente, y durante esos momentos, me sumerg\u00eda en libros y audios que alimentaban mi esp\u00edritu. Uno de los libros que se volvi\u00f3 mi br\u00fajula fue <strong>&#8220;Las 21 leyes irrefutables del liderazgo&#8221;<\/strong> de John C. Maxwell. Mientras corr\u00eda y escuchaba, algo dentro de m\u00ed comenzaba a despertar: el deseo de <strong>liderar mi propia vida<\/strong>, antes de pretender liderar cualquier otra cosa.<\/p>\t\t\t\t\t\t\t\t<\/div>\n\t\t\t\t<\/div>\n\t\t\t\t<\/div>\n\t\t\t\t<\/div>\n\t\t\t\t<\/div>\n\t\t\t\t<\/div>\n\t\t<div class=\"elementor-element elementor-element-4859b4c e-flex e-con-boxed e-con e-parent\" data-id=\"4859b4c\" data-element_type=\"container\" data-e-type=\"container\">\n\t\t\t\t\t<div class=\"e-con-inner\">\n\t\t<div class=\"elementor-element elementor-element-09d50e6 e-con-full e-flex e-con e-child\" data-id=\"09d50e6\" data-element_type=\"container\" data-e-type=\"container\">\n\t\t<div class=\"elementor-element elementor-element-06d3c35 e-con-full e-flex e-con e-child\" data-id=\"06d3c35\" data-element_type=\"container\" data-e-type=\"container\">\n\t\t\t\t<div class=\"elementor-element elementor-element-e6b0e49 elementor-view-framed elementor-widget__width-initial elementor-shape-circle elementor-widget elementor-widget-icon\" data-id=\"e6b0e49\" data-element_type=\"widget\" data-e-type=\"widget\" data-widget_type=\"icon.default\">\n\t\t\t\t<div class=\"elementor-widget-container\">\n\t\t\t\t\t\t\t<div class=\"elementor-icon-wrapper\">\n\t\t\t<div class=\"elementor-icon\">\n\t\t\t<svg xmlns=\"http:\/\/www.w3.org\/2000\/svg\" xmlns:xlink=\"http:\/\/www.w3.org\/1999\/xlink\" width=\"62\" height=\"62\" viewBox=\"0 0 62 62\" style=\"fill:none;stroke:none;fill-rule:evenodd;clip-rule:evenodd;stroke-linecap:round;stroke-linejoin:round;stroke-miterlimit:1.5;\"><g id=\"items\" style=\"isolation: isolate\"><g id=\"blend\" style=\"mix-blend-mode:multiply\"><g id=\"g-root-box_qss0841un0efa-fill\" data-item-order=\"0\" data-item-id=\"box_qss0841un0efa\" data-item-class=\"Icon Stroke Indexed Indexed_1 InsideFill InsideColorFill\" data-item-index=\"1\" data-renderer-id=\"0\" transform=\"translate(3, 3)\"><\/g><g id=\"g-root-box_qss0841un0efa-stroke\" data-item-order=\"0\" data-item-id=\"box_qss0841un0efa\" data-item-class=\"Icon Stroke Indexed Indexed_1 InsideFill InsideColorFill\" data-item-index=\"1\" data-renderer-id=\"0\" transform=\"translate(3, 3)\"><g id=\"box_qss0841un0efa-stroke\" fill=\"none\" stroke-linecap=\"round\" stroke-linejoin=\"round\" stroke-miterlimit=\"4\" stroke=\"#e3cd09\" stroke-width=\"2\"><g><path d=\"M 10.75 30.251501L 25.75 30.251501M 30.25 30.251501L 45.25 30.251501M 12.25 22.751501L 43.75 22.751501C 43.75 22.751501 45.25 22.751501 45.25 24.251501L 45.25 42.251499C 45.25 42.251499 45.25 43.751499 43.75 43.751499L 12.25 43.751499C 12.25 43.751499 10.75 43.751499 10.75 42.251499L 10.75 24.251501C 10.75 24.251501 10.75 22.751501 12.25 22.751501M 30.25 32.5C 30.25 33.742641 29.242641 34.75 28 34.75C 26.75736 34.75 25.75 33.742641 25.75 32.5L 25.75 28.75L 30.25 28.75ZM 22 22.75C 22 19.436291 24.686291 16.75 28 16.75C 31.313709 16.75 34 19.436291 34 22.75\"><\/path><\/g><\/g><\/g><\/g><\/g><\/svg>\t\t\t<\/div>\n\t\t<\/div>\n\t\t\t\t\t\t<\/div>\n\t\t\t\t<\/div>\n\t\t\t\t<\/div>\n\t\t<div class=\"elementor-element elementor-element-3e8f1e3 e-con-full e-flex e-con e-child\" data-id=\"3e8f1e3\" data-element_type=\"container\" data-e-type=\"container\">\n\t\t\t\t<div class=\"elementor-element elementor-element-f2089ba elementor-widget elementor-widget-heading\" data-id=\"f2089ba\" data-element_type=\"widget\" data-e-type=\"widget\" data-widget_type=\"heading.default\">\n\t\t\t\t<div class=\"elementor-widget-container\">\n\t\t\t\t\t<h5 class=\"elementor-heading-title elementor-size-default\">Herramientas pr\u00e1cticas<\/h5>\t\t\t\t<\/div>\n\t\t\t\t<\/div>\n\t\t\t\t<div class=\"elementor-element elementor-element-f6129b2 elementor-widget elementor-widget-text-editor\" data-id=\"f6129b2\" data-element_type=\"widget\" data-e-type=\"widget\" data-widget_type=\"text-editor.default\">\n\t\t\t\t<div class=\"elementor-widget-container\">\n\t\t\t\t\t\t\t\t\t<p>Estrategias que puedes aplicar hoy mismo.<\/p>\t\t\t\t\t\t\t\t<\/div>\n\t\t\t\t<\/div>\n\t\t\t\t<\/div>\n\t\t\t\t<\/div>\n\t\t<div class=\"elementor-element elementor-element-2bebfca e-con-full e-flex e-con e-child\" data-id=\"2bebfca\" data-element_type=\"container\" data-e-type=\"container\">\n\t\t<div class=\"elementor-element elementor-element-9197718 e-con-full e-flex e-con e-child\" data-id=\"9197718\" data-element_type=\"container\" data-e-type=\"container\">\n\t\t\t\t<div class=\"elementor-element elementor-element-b490e21 elementor-view-framed elementor-widget__width-initial elementor-shape-circle elementor-widget elementor-widget-icon\" data-id=\"b490e21\" data-element_type=\"widget\" data-e-type=\"widget\" data-widget_type=\"icon.default\">\n\t\t\t\t<div class=\"elementor-widget-container\">\n\t\t\t\t\t\t\t<div class=\"elementor-icon-wrapper\">\n\t\t\t<div class=\"elementor-icon\">\n\t\t\t<svg xmlns=\"http:\/\/www.w3.org\/2000\/svg\" xmlns:xlink=\"http:\/\/www.w3.org\/1999\/xlink\" width=\"62\" height=\"62\" viewBox=\"0 0 62 62\" style=\"fill:none;stroke:none;fill-rule:evenodd;clip-rule:evenodd;stroke-linecap:round;stroke-linejoin:round;stroke-miterlimit:1.5;\"><g id=\"items\" style=\"isolation: isolate\"><g id=\"blend\" style=\"mix-blend-mode:multiply\"><g id=\"g-root-cloc_1urs0f81un0f0g-fill\" data-item-order=\"0\" data-item-id=\"cloc_1urs0f81un0f0g\" data-item-class=\"Icon Stroke Indexed InsideFill InsideColorFill\" data-item-index=\"2\" data-renderer-id=\"0\" transform=\"translate(3, 3)\"><\/g><g id=\"g-root-cloc_1urs0f81un0f0g-stroke\" data-item-order=\"0\" data-item-id=\"cloc_1urs0f81un0f0g\" data-item-class=\"Icon Stroke Indexed InsideFill InsideColorFill\" data-item-index=\"2\" data-renderer-id=\"0\" transform=\"translate(3, 3)\"><g id=\"cloc_1urs0f81un0f0g-stroke\" fill=\"none\" stroke-linecap=\"round\" stroke-linejoin=\"round\" stroke-miterlimit=\"4\" stroke=\"#dd8433\" stroke-width=\"2\"><g><path d=\"M 25.735001 45.271L 12.235 45.271C 11.406573 45.271 10.735 44.599426 10.735 43.771L 10.735 12.271C 10.735 11.442573 11.406573 10.771 12.235 10.771L 32.1745 10.771C 32.572292 10.771085 32.953762 10.929176 33.235001 11.2105L 38.800003 16.771C 39.081322 17.052238 39.239414 17.433708 39.239502 17.831501L 39.239502 22.771M 15.235 33.271L 24.235001 33.271M 17.485001 25.771L 18.985001 25.771C 19.399214 25.771 19.735001 26.106787 19.735001 26.521L 19.735001 33.271L 19.735001 33.271L 16.735001 33.271L 16.735001 33.271L 16.735001 26.521C 16.735001 26.106787 17.070786 25.771 17.485001 25.771ZM 25.735001 28.771L 25.735001 22.021C 25.735001 21.606787 25.399214 21.271 24.985001 21.271L 23.485001 21.271C 23.070786 21.271 22.735001 21.606787 22.735001 22.021L 22.735001 33.271M 27.235001 36.271C 27.235001 41.241562 31.264439 45.271 36.235001 45.271C 41.205563 45.271 45.235001 41.241562 45.235001 36.271C 45.235001 31.300438 41.205563 27.271002 36.235001 27.271002C 31.264439 27.271002 27.235001 31.300438 27.235001 36.271ZM 39.235001 36.271L 36.235001 36.271L 36.235001 31.771\"><\/path><\/g><\/g><\/g><\/g><\/g><\/svg>\t\t\t<\/div>\n\t\t<\/div>\n\t\t\t\t\t\t<\/div>\n\t\t\t\t<\/div>\n\t\t\t\t<\/div>\n\t\t<div class=\"elementor-element elementor-element-eea86d9 e-con-full e-flex e-con e-child\" data-id=\"eea86d9\" data-element_type=\"container\" data-e-type=\"container\">\n\t\t\t\t<div class=\"elementor-element elementor-element-3ee6dac elementor-widget elementor-widget-heading\" data-id=\"3ee6dac\" data-element_type=\"widget\" data-e-type=\"widget\" data-widget_type=\"heading.default\">\n\t\t\t\t<div class=\"elementor-widget-container\">\n\t\t\t\t\t<h5 class=\"elementor-heading-title elementor-size-default\">Herramientas pr\u00e1cticas<\/h5>\t\t\t\t<\/div>\n\t\t\t\t<\/div>\n\t\t\t\t<div class=\"elementor-element elementor-element-64e24d6 elementor-widget elementor-widget-text-editor\" data-id=\"64e24d6\" data-element_type=\"widget\" data-e-type=\"widget\" data-widget_type=\"text-editor.default\">\n\t\t\t\t<div class=\"elementor-widget-container\">\n\t\t\t\t\t\t\t\t\t<p>Estrategias que puedes aplicar hoy mismo.<\/p>\t\t\t\t\t\t\t\t<\/div>\n\t\t\t\t<\/div>\n\t\t\t\t<\/div>\n\t\t\t\t<\/div>\n\t\t<div class=\"elementor-element elementor-element-cf46caf e-con-full e-flex e-con e-child\" data-id=\"cf46caf\" data-element_type=\"container\" data-e-type=\"container\">\n\t\t<div class=\"elementor-element elementor-element-7ba60de e-con-full e-flex e-con e-child\" data-id=\"7ba60de\" data-element_type=\"container\" data-e-type=\"container\">\n\t\t\t\t<div class=\"elementor-element elementor-element-48b00bf elementor-view-framed elementor-widget__width-initial elementor-shape-circle elementor-widget elementor-widget-icon\" data-id=\"48b00bf\" data-element_type=\"widget\" data-e-type=\"widget\" data-widget_type=\"icon.default\">\n\t\t\t\t<div class=\"elementor-widget-container\">\n\t\t\t\t\t\t\t<div class=\"elementor-icon-wrapper\">\n\t\t\t<div class=\"elementor-icon\">\n\t\t\t<svg xmlns=\"http:\/\/www.w3.org\/2000\/svg\" xmlns:xlink=\"http:\/\/www.w3.org\/1999\/xlink\" width=\"74\" height=\"74\" viewBox=\"0 0 74 74\" style=\"fill:none;stroke:none;fill-rule:evenodd;clip-rule:evenodd;stroke-linecap:round;stroke-linejoin:round;stroke-miterlimit:1.5;\"><g id=\"items\" style=\"isolation: isolate\"><g id=\"blend\" style=\"mix-blend-mode:multiply\"><g id=\"g-root-box_18i7ndw1xegwlg-fill\" data-item-order=\"0\" data-item-id=\"box_18i7ndw1xegwlg\" data-item-class=\"Icon Stroke\" data-item-index=\"none\" data-renderer-id=\"0\" transform=\"translate(3, 3)\"><\/g><g id=\"g-root-box_18i7ndw1xegwlg-stroke\" data-item-order=\"0\" data-item-id=\"box_18i7ndw1xegwlg\" data-item-class=\"Icon Stroke\" data-item-index=\"none\" data-renderer-id=\"0\" transform=\"translate(3, 3)\"><g id=\"box_18i7ndw1xegwlg-stroke\" fill=\"none\" stroke-linecap=\"round\" stroke-linejoin=\"round\" stroke-miterlimit=\"4\" stroke=\"#484848\" stroke-width=\"2\"><g><path d=\"M 11 37.001999L 31 37.001999M 37 37.001999L 57 37.001999M 13 27.002001L 55 27.002001C 55 27.002001 57 27.002001 57 29.002001L 57 53.001999C 57 53.001999 57 55.001999 55 55.001999L 13 55.001999C 13 55.001999 11 55.001999 11 53.001999L 11 29.002001C 11 29.002001 11 27.002001 13 27.002001M 37 40C 37 41.656853 35.656853 43 34 43C 32.343147 43 31 41.656853 31 40L 31 35L 37 35ZM 26 27C 26 22.581722 29.581722 19 34 19C 38.418278 19 42 22.581722 42 27\"><\/path><\/g><\/g><\/g><\/g><\/g><\/svg>\t\t\t<\/div>\n\t\t<\/div>\n\t\t\t\t\t\t<\/div>\n\t\t\t\t<\/div>\n\t\t\t\t<\/div>\n\t\t<div class=\"elementor-element elementor-element-9750d74 e-con-full e-flex e-con e-child\" data-id=\"9750d74\" data-element_type=\"container\" data-e-type=\"container\">\n\t\t\t\t<div class=\"elementor-element elementor-element-8c5c2ea elementor-widget elementor-widget-heading\" data-id=\"8c5c2ea\" data-element_type=\"widget\" data-e-type=\"widget\" data-widget_type=\"heading.default\">\n\t\t\t\t<div class=\"elementor-widget-container\">\n\t\t\t\t\t<h5 class=\"elementor-heading-title elementor-size-default\">Herramientas pr\u00e1cticas<\/h5>\t\t\t\t<\/div>\n\t\t\t\t<\/div>\n\t\t\t\t<div class=\"elementor-element elementor-element-011f363 elementor-widget elementor-widget-text-editor\" data-id=\"011f363\" data-element_type=\"widget\" data-e-type=\"widget\" data-widget_type=\"text-editor.default\">\n\t\t\t\t<div class=\"elementor-widget-container\">\n\t\t\t\t\t\t\t\t\t<p>Estrategias que puedes aplicar hoy mismo.<\/p>\t\t\t\t\t\t\t\t<\/div>\n\t\t\t\t<\/div>\n\t\t\t\t<\/div>\n\t\t\t\t<\/div>\n\t\t\t\t\t<\/div>\n\t\t\t\t<\/div>\n\t\t\t\t<\/div>\n\t\t","protected":false},"excerpt":{"rendered":"<p>Tu entorno no cambiar\u00e1 hasta que te transformes desde dentro. Descubre c\u00f3mo tomar el control de tu vida y construir tu propia transformaci\u00f3n. Mi Historia Mi Descenso&#8230; y Ascenso El d\u00eda que me vi sin dinero, sin familia, y sin rumbo fue tambi\u00e9n el d\u00eda que decid\u00ed no seguir siendo una v\u00edctima. No m\u00e1s culpas &#8230; <a title=\"Sobre mi\" class=\"read-more\" href=\"https:\/\/plenitud.argotes.com\/?page_id=12\" aria-label=\"Read more about Sobre mi\">Leer m\u00e1s<\/a><\/p>\n","protected":false},"author":1,"featured_media":0,"parent":0,"menu_order":0,"comment_status":"closed","ping_status":"closed","template":"elementor_canvas","meta":{"_monsterinsights_skip_tracking":false,"_monsterinsights_sitenote_active":false,"_monsterinsights_sitenote_note":"","_monsterinsights_sitenote_category":0,"footnotes":""},"class_list":["post-12","page","type-page","status-publish"],"_links":{"self":[{"href":"https:\/\/plenitud.argotes.com\/index.php?rest_route=\/wp\/v2\/pages\/12"}],"collection":[{"href":"https:\/\/plenitud.argotes.com\/index.php?rest_route=\/wp\/v2\/pages"}],"about":[{"href":"https:\/\/plenitud.argotes.com\/index.php?rest_route=\/wp\/v2\/types\/page"}],"author":[{"embeddable":true,"href":"https:\/\/plenitud.argotes.com\/index.php?rest_route=\/wp\/v2\/users\/1"}],"replies":[{"embeddable":true,"href":"https:\/\/plenitud.argotes.com\/index.php?rest_route=%2Fwp%2Fv2%2Fcomments&post=12"}],"version-history":[{"count":5,"href":"https:\/\/plenitud.argotes.com\/index.php?rest_route=\/wp\/v2\/pages\/12\/revisions"}],"predecessor-version":[{"id":61,"href":"https:\/\/plenitud.argotes.com\/index.php?rest_route=\/wp\/v2\/pages\/12\/revisions\/61"}],"wp:attachment":[{"href":"https:\/\/plenitud.argotes.com\/index.php?rest_route=%2Fwp%2Fv2%2Fmedia&parent=12"}],"curies":[{"name":"wp","href":"https:\/\/api.w.org\/{rel}","templated":true}]}}